{"id":101,"date":"2023-04-11T18:24:57","date_gmt":"2023-04-11T16:24:57","guid":{"rendered":"https:\/\/ambasmara.esteri.it\/?page_id=101"},"modified":"2023-10-13T17:34:10","modified_gmt":"2023-10-13T14:34:10","slug":"lingua-e-cultura-italiana","status":"publish","type":"page","link":"https:\/\/ambasmara.esteri.it\/it\/italia-ed-eritrea\/diplomazia-culturale\/lingua-e-cultura-italiana\/","title":{"rendered":"Lingua e Cultura italiana"},"content":{"rendered":"<p>La promozione della lingua italiana all\u2019estero \u00e8 uno dei principali strumenti di cui dispone il nostro Paese e riveste un ruolo di interesse prioritario per la politica estera italiana.<\/p>\n<p>Con particolare riguardo all&#8217;Eritrea, il legame storico-culturale del Paese con l&#8217;Italia \u00e8 molto forte, grazie alla storia passata dell&#8217;Eritrea come colonia italiana per oltre mezzo secolo. Di grande rilievo \u00e8 il lascito della lingua italiana nel tigrino, lingua parlata localmente dall&#8217;etnia pi\u00f9 numerosa, nonch\u00e9 lingua ufficiale dello Stato di Eritrea. Forte \u00e8 anche l&#8217;impronta della cultura italiana nella cultura e nello stile di vita eritrei. Inoltre, l&#8217;arte di provenienza italiana \u00e8 soprattutto visibile nell\u2019architettura di <strong>Asmara<\/strong>, influenzata dalle correnti artistiche in voga in Italia nei primi decenni del Novecento. Anche grazie agli edifici e ai monumenti risalenti a quel periodo storico, la capitale eritrea, nel <strong>luglio 2017<\/strong>, \u00e8 stata iscritta nella lista dei <strong>patrimoni dell&#8217;umanit\u00e0 dell\u2019UNESCO<\/strong>.<\/p>\n<p>Ad oggi non sono previste in Eritrea attivit\u00e0 di insegnamento della lingua italiana.<\/p>\n<p>&nbsp;<\/p>\n","protected":false},"excerpt":{"rendered":"La promozione della lingua italiana all\u2019estero \u00e8 uno dei principali strumenti di cui dispone il nostro Paese e riveste un ruolo di interesse prioritario per la politica estera italiana. Con particolare riguardo all&#8217;Eritrea, il legame storico-culturale del Paese con l&#8217;Italia \u00e8 molto forte, grazie alla storia passata dell&#8217;Eritrea come colonia italiana per oltre mezzo secolo. [&hellip;]","protected":false},"author":1,"featured_media":0,"parent":44,"menu_order":0,"comment_status":"closed","ping_status":"closed","template":"","meta":{"footnotes":""},"class_list":["post-101","page","type-page","status-publish","hentry"],"_links":{"self":[{"href":"https:\/\/ambasmara.esteri.it\/it\/wp-json\/wp\/v2\/pages\/101","targetHints":{"allow":["GET"]}}],"collection":[{"href":"https:\/\/ambasmara.esteri.it\/it\/wp-json\/wp\/v2\/pages"}],"about":[{"href":"https:\/\/ambasmara.esteri.it\/it\/wp-json\/wp\/v2\/types\/page"}],"author":[{"embeddable":true,"href":"https:\/\/ambasmara.esteri.it\/it\/wp-json\/wp\/v2\/users\/1"}],"replies":[{"embeddable":true,"href":"https:\/\/ambasmara.esteri.it\/it\/wp-json\/wp\/v2\/comments?post=101"}],"version-history":[{"count":4,"href":"https:\/\/ambasmara.esteri.it\/it\/wp-json\/wp\/v2\/pages\/101\/revisions"}],"predecessor-version":[{"id":480,"href":"https:\/\/ambasmara.esteri.it\/it\/wp-json\/wp\/v2\/pages\/101\/revisions\/480"}],"up":[{"embeddable":true,"href":"https:\/\/ambasmara.esteri.it\/it\/wp-json\/wp\/v2\/pages\/44"}],"wp:attachment":[{"href":"https:\/\/ambasmara.esteri.it\/it\/wp-json\/wp\/v2\/media?parent=101"}],"curies":[{"name":"wp","href":"https:\/\/api.w.org\/{rel}","templated":true}]}}