{"id":46,"date":"2023-04-11T18:11:52","date_gmt":"2023-04-11T16:11:52","guid":{"rendered":"https:\/\/ambasmara.esteri.it\/?page_id=46"},"modified":"2023-10-13T13:34:10","modified_gmt":"2023-10-13T10:34:10","slug":"cooperazione-allo-sviluppo","status":"publish","type":"page","link":"https:\/\/ambasmara.esteri.it\/it\/italia-ed-eritrea\/cooperazione-allo-sviluppo\/","title":{"rendered":"Cooperazione allo sviluppo"},"content":{"rendered":"<p>L\u2019Italia vanta una presenza nel settore della cooperazione allo sviluppo di lunga data nel Paese, risalente agli anni appena successivi all\u2019indipendenza. Ci\u00f2 \u00e8 ancora possibile grazie all\u2019operato di diverse Organizzazioni della Societ\u00e0 Civile che hanno acquisito presso le Autorit\u00e0 eritree un bagaglio di fiducia e credibilit\u00e0 difficilmente riscontrabile nell\u2019attivit\u00e0 di cooperazione allo sviluppo degli altri Paesi.<\/p>\n<p>Le Organizzazioni della Societ\u00e0 Civile italiane operano in Eritrea grazie ai finanziamenti erogati e gestiti dall\u2019Agenzia Italiana per la Cooperazione allo Sviluppo (AICS) \u2013 Sede di Karthoum, con interventi soprattutto nei settori della sanit\u00e0, della nutrizione, della sicurezza alimentare, dell\u2019acqua, dello sviluppo rurale, energetico e non ultimo della formazione e della creazione di attivit\u00e0 generatrici di impiego e reddito.<\/p>\n<p>Per approfondimenti: <a href=\"https:\/\/khartoum.aics.gov.it\/home-ita\/paesi\/iniziative\/eritrea\/\">https:\/\/khartoum.aics.gov.it\/home-ita\/paesi\/iniziative\/eritrea\/<\/a><\/p>\n","protected":false},"excerpt":{"rendered":"L\u2019Italia vanta una presenza nel settore della cooperazione allo sviluppo di lunga data nel Paese, risalente agli anni appena successivi all\u2019indipendenza. Ci\u00f2 \u00e8 ancora possibile grazie all\u2019operato di diverse Organizzazioni della Societ\u00e0 Civile che hanno acquisito presso le Autorit\u00e0 eritree un bagaglio di fiducia e credibilit\u00e0 difficilmente riscontrabile nell\u2019attivit\u00e0 di cooperazione allo sviluppo degli altri [&hellip;]","protected":false},"author":1,"featured_media":0,"parent":14,"menu_order":6,"comment_status":"closed","ping_status":"closed","template":"","meta":{"footnotes":""},"class_list":["post-46","page","type-page","status-publish","hentry"],"_links":{"self":[{"href":"https:\/\/ambasmara.esteri.it\/it\/wp-json\/wp\/v2\/pages\/46","targetHints":{"allow":["GET"]}}],"collection":[{"href":"https:\/\/ambasmara.esteri.it\/it\/wp-json\/wp\/v2\/pages"}],"about":[{"href":"https:\/\/ambasmara.esteri.it\/it\/wp-json\/wp\/v2\/types\/page"}],"author":[{"embeddable":true,"href":"https:\/\/ambasmara.esteri.it\/it\/wp-json\/wp\/v2\/users\/1"}],"replies":[{"embeddable":true,"href":"https:\/\/ambasmara.esteri.it\/it\/wp-json\/wp\/v2\/comments?post=46"}],"version-history":[{"count":2,"href":"https:\/\/ambasmara.esteri.it\/it\/wp-json\/wp\/v2\/pages\/46\/revisions"}],"predecessor-version":[{"id":474,"href":"https:\/\/ambasmara.esteri.it\/it\/wp-json\/wp\/v2\/pages\/46\/revisions\/474"}],"up":[{"embeddable":true,"href":"https:\/\/ambasmara.esteri.it\/it\/wp-json\/wp\/v2\/pages\/14"}],"wp:attachment":[{"href":"https:\/\/ambasmara.esteri.it\/it\/wp-json\/wp\/v2\/media?parent=46"}],"curies":[{"name":"wp","href":"https:\/\/api.w.org\/{rel}","templated":true}]}}