{"id":49,"date":"2023-04-11T18:13:11","date_gmt":"2023-04-11T16:13:11","guid":{"rendered":"https:\/\/ambasmara.esteri.it\/?page_id=49"},"modified":"2025-12-10T17:28:17","modified_gmt":"2025-12-10T14:28:17","slug":"passaporti-e-carte-didentita","status":"publish","type":"page","link":"https:\/\/ambasmara.esteri.it\/it\/servizi-consolari-e-visti\/servizi-per-il-cittadino-italiano\/passaporti-e-carte-didentita\/","title":{"rendered":"Passaporti e Carte d\u2019identit\u00e0"},"content":{"rendered":"<p>Il passaporto \u00e8 un documento di viaggio e di riconoscimento che viene rilasciato ai cittadini italiani regolarmente residenti nella circoscrizione consolare dell\u2019Ambasciata d\u2019Italia ad Asmara, iscritti nell\u2019Anagrafe degli Italiani Residenti all\u2019Estero (A.I.R.E.) e con una situazione di stato civile aggiornata (ovvero che l\u2019eventuale matrimonio, nascita figli, ecc. siano gi\u00e0 stati presentati all\u2019Ambasciata o gi\u00e0 registrati in Italia).<\/p>\n<p><strong>Avvertenza:<\/strong> non \u00e8 possibile garantire un rapido rilascio del passaporto se il connazionale non ha adempiuto agli oneri di cui sopra, prima di presentare la propria domanda o se quest\u2019ultima risulti comunque incompleta.<\/p>\n<p>I cittadini italiani che non risiedono in Eritrea possono <strong>eccezionalmente<\/strong> richiedere il rilascio del passaporto all\u2019Ambasciata d\u2019Italia in Asmara, per giustificati e documentati motivi. In tali casi occorre comunque attendere un\u2019autorizzazione denominata \u201cnulla-osta e delega\u201d da parte dell\u2019Ufficio competente per il territorio di residenza (Questura o altro Ufficio Consolare) che\u00a0potrebbe rendere pi\u00f9 lunghi i tempi di rilascio.<\/p>\n<p>L\u2019Ufficio consolare dell\u2019Ambasciata d\u2019Italia ad Asmara rilascia i passaporti <strong>previo appuntamento<\/strong> dal luned\u00ec al venerd\u00ec dalle ore 9.00 alle ore 12.00. La richiesta di appuntamento dovr\u00e0 pervenire contattando il nostro centralino ai seguenti numeri: <strong>+291 1 120160 \/ 120213.<\/strong><\/p>\n<p><strong>Costo di rilascio del passaporto<\/strong><\/p>\n<p>Con il decreto-legge 24 aprile 2014, n. 66, convertito, con modificazioni, dalla legge 23 giugno 2014, n. 89, \u00e8 stata apportata una modifica relativamente al costo del rilascio del passaporto. L&#8217;art. 5-bis, comma 1 del decreto legge stabilisce l&#8217;abolizione della tassa di rilascio per tutti i passaporti a partire dall\u20198 luglio 2014. Con lo stesso decreto \u00e8 stato introdotto un contributo amministrativo di euro <strong>73,50<\/strong> per il rilascio del solo passaporto ordinario, oltre al costo del libretto (pari a euro <strong>42,70<\/strong>). La somma <strong>totale dovr\u00e0 essere pagata in denaro contante nel corrispettivo valore in NAKFA<\/strong> al tasso di cambio stabilito trimestralmente.<\/p>\n<p>&nbsp;<\/p>\n<p><strong>AVVISO<\/strong><\/p>\n<p>Si informano i connazionali, genitori di figli minori, che a partire dal 14 giugno 2023 non sar\u00e0 pi\u00f9 necessario presentare l\u2019atto di assenso dell\u2019altro genitore ai fini del rilascio del proprio documento d\u2019identit\u00e0 (passaporto e CIE), ai sensi del D.L. 69\/2023.<\/p>\n<p>Nello specifico il novellato articolo 3-bis della L. 1185\/1967 indica che, quando vi \u00e8 concreto e attuale pericolo che a causa del trasferimento all\u2019estero questo possa sottrarsi all\u2019adempimento dei suoi obblighi verso i figli, sar\u00e0 possibile per l\u2019altro genitore richiedere una inibitoria al rilascio del documento. L\u2019istanza potr\u00e0 essere presentata presso il giudice competente presso il Tribunale ordinario in cui il minore ha la residenza abituale ovvero, se il minore \u00e8 residente all\u2019estero, il Tribunale nel cui circondario si trova il suo Comune di iscrizione AIRE.<\/p>\n<p><strong>Ai fini del rilascio dei documenti per i minori, invece, resta l\u2019obbligo dell\u2019assenso firmato da entrambi i genitori o da chi esercita la responsabilit\u00e0 genitoriale.<\/strong><\/p>\n<p>&nbsp;<\/p>\n<p><strong>Carte d\u2019identit\u00e0<\/strong><\/p>\n<p>L\u2019Ambasciata d\u2019Italia ad Asmara non \u00e8 abilitata al rilascio di carte d\u2019identit\u00e0.<\/p>\n<p>&nbsp;<\/p>\n","protected":false},"excerpt":{"rendered":"Il passaporto \u00e8 un documento di viaggio e di riconoscimento che viene rilasciato ai cittadini italiani regolarmente residenti nella circoscrizione consolare dell\u2019Ambasciata d\u2019Italia ad Asmara, iscritti nell\u2019Anagrafe degli Italiani Residenti all\u2019Estero (A.I.R.E.) e con una situazione di stato civile aggiornata (ovvero che l\u2019eventuale matrimonio, nascita figli, ecc. siano gi\u00e0 stati presentati all\u2019Ambasciata o gi\u00e0 registrati [&hellip;]","protected":false},"author":1,"featured_media":0,"parent":47,"menu_order":0,"comment_status":"closed","ping_status":"closed","template":"","meta":{"footnotes":""},"class_list":["post-49","page","type-page","status-publish","hentry"],"_links":{"self":[{"href":"https:\/\/ambasmara.esteri.it\/it\/wp-json\/wp\/v2\/pages\/49","targetHints":{"allow":["GET"]}}],"collection":[{"href":"https:\/\/ambasmara.esteri.it\/it\/wp-json\/wp\/v2\/pages"}],"about":[{"href":"https:\/\/ambasmara.esteri.it\/it\/wp-json\/wp\/v2\/types\/page"}],"author":[{"embeddable":true,"href":"https:\/\/ambasmara.esteri.it\/it\/wp-json\/wp\/v2\/users\/1"}],"replies":[{"embeddable":true,"href":"https:\/\/ambasmara.esteri.it\/it\/wp-json\/wp\/v2\/comments?post=49"}],"version-history":[{"count":6,"href":"https:\/\/ambasmara.esteri.it\/it\/wp-json\/wp\/v2\/pages\/49\/revisions"}],"predecessor-version":[{"id":1946,"href":"https:\/\/ambasmara.esteri.it\/it\/wp-json\/wp\/v2\/pages\/49\/revisions\/1946"}],"up":[{"embeddable":true,"href":"https:\/\/ambasmara.esteri.it\/it\/wp-json\/wp\/v2\/pages\/47"}],"wp:attachment":[{"href":"https:\/\/ambasmara.esteri.it\/it\/wp-json\/wp\/v2\/media?parent=49"}],"curies":[{"name":"wp","href":"https:\/\/api.w.org\/{rel}","templated":true}]}}