{"id":67,"date":"2023-04-11T18:17:44","date_gmt":"2023-04-11T16:17:44","guid":{"rendered":"https:\/\/ambasmara.esteri.it\/?page_id=67"},"modified":"2025-12-10T17:31:48","modified_gmt":"2025-12-10T14:31:48","slug":"emergency-travel-documents-etd","status":"publish","type":"page","link":"https:\/\/ambasmara.esteri.it\/it\/servizi-consolari-e-visti\/servizi-per-il-cittadino-italiano\/emergency-travel-documents-etd\/","title":{"rendered":"Furto o smarrimento del passaporto \u2013 documento di viaggio provvisorio (Emergency Travel Document \u2013 ETD)"},"content":{"rendered":"<p>Il cittadino italiano che, trovandosi momentaneamente in Eritrea, subisca il <strong>furto\/smarrimento del passaporto<\/strong>, potr\u00e0 richiedere il rilascio di un documento di viaggio (ETD) con validit\u00e0 limitata al solo rientro nel luogo di residenza.<\/p>\n<p>Per ottenere tale documento bisogner\u00e0 presentarsi in Ambasciata con la seguente documentazione:<\/p>\n<ul>\n<li>denuncia di furto o smarrimento del passaporto sporta presso le Autorit\u00e0 di Polizia;<\/li>\n<li>altro documento d\u2019identit\u00e0, se disponibile;<\/li>\n<li>n. 2 fotografie frontali a colori, formato tessera;<\/li>\n<li>biglietto aereo;<\/li>\n<li>\u20ac 1,55 in contanti.<\/li>\n<\/ul>\n<p><strong>NB:\u00a0<\/strong>Il documento di viaggio provvisorio ha una validit\u00e0 massima di 14 giorni e pu\u00f2 quindi essere rilasciato solo in prossimit\u00e0 del viaggio di rientro.<\/p>\n<p>Per chiedere l\u2019emissione di un ETD, presentarsi presso la Cancelleria o contattare il nostro centralino ai seguenti numeri: <strong>+291 1 120160 \/ 120213.<\/strong><\/p>\n","protected":false},"excerpt":{"rendered":"Il cittadino italiano che, trovandosi momentaneamente in Eritrea, subisca il furto\/smarrimento del passaporto, potr\u00e0 richiedere il rilascio di un documento di viaggio (ETD) con validit\u00e0 limitata al solo rientro nel luogo di residenza. Per ottenere tale documento bisogner\u00e0 presentarsi in Ambasciata con la seguente documentazione: denuncia di furto o smarrimento del passaporto sporta presso le [&hellip;]","protected":false},"author":1,"featured_media":0,"parent":47,"menu_order":2,"comment_status":"closed","ping_status":"closed","template":"","meta":{"footnotes":""},"class_list":["post-67","page","type-page","status-publish","hentry"],"_links":{"self":[{"href":"https:\/\/ambasmara.esteri.it\/it\/wp-json\/wp\/v2\/pages\/67","targetHints":{"allow":["GET"]}}],"collection":[{"href":"https:\/\/ambasmara.esteri.it\/it\/wp-json\/wp\/v2\/pages"}],"about":[{"href":"https:\/\/ambasmara.esteri.it\/it\/wp-json\/wp\/v2\/types\/page"}],"author":[{"embeddable":true,"href":"https:\/\/ambasmara.esteri.it\/it\/wp-json\/wp\/v2\/users\/1"}],"replies":[{"embeddable":true,"href":"https:\/\/ambasmara.esteri.it\/it\/wp-json\/wp\/v2\/comments?post=67"}],"version-history":[{"count":5,"href":"https:\/\/ambasmara.esteri.it\/it\/wp-json\/wp\/v2\/pages\/67\/revisions"}],"predecessor-version":[{"id":1949,"href":"https:\/\/ambasmara.esteri.it\/it\/wp-json\/wp\/v2\/pages\/67\/revisions\/1949"}],"up":[{"embeddable":true,"href":"https:\/\/ambasmara.esteri.it\/it\/wp-json\/wp\/v2\/pages\/47"}],"wp:attachment":[{"href":"https:\/\/ambasmara.esteri.it\/it\/wp-json\/wp\/v2\/media?parent=67"}],"curies":[{"name":"wp","href":"https:\/\/api.w.org\/{rel}","templated":true}]}}