{"id":89,"date":"2023-04-11T18:22:07","date_gmt":"2023-04-11T16:22:07","guid":{"rendered":"https:\/\/ambasmara.esteri.it\/?page_id=89"},"modified":"2024-12-10T13:07:01","modified_gmt":"2024-12-10T10:07:01","slug":"visti","status":"publish","type":"page","link":"https:\/\/ambasmara.esteri.it\/it\/servizi-consolari-e-visti\/servizi-per-il-cittadino-straniero\/visti\/","title":{"rendered":"Visti"},"content":{"rendered":"<p>L&#8217;Ambasciata d&#8217;Italia ad Asmara \u00e8 l&#8217;unica Rappresentanza UE a rilasciare Visti Schengen in Eritrea. L&#8217;Ambasciata rilascia per l&#8217;Italia tutti i tipi di visti Schengen e nazionali. In base ad accordi di rappresentanza, l&#8217;Ambasciata rilascia altres visti Schengen di breve durata (fino a 90 giorni), tipologia &#8220;C&#8221;, per i seguenti Paesi: Germania, Svezia, Malta, Francia, Paesi Bassi, Belgio, Slovacchia, Finlandia, Slovenia e Portogallo.<\/p>\n<p>Per quanto riguarda i visti per l&#8217;Italia, le informazioni sono disponibili sul portale &#8220;Il Visto per l&#8217;Italia&#8221;:<\/p>\n<p><a href=\"http:\/\/vistoperitalia.esteri.it\/home.aspx\">http:\/\/vistoperitalia.esteri.it\/home.aspx<\/a><\/p>\n<p>Le domande potranno essere presentate, debitamente compilate e corredate dalla documentazione prevista, allo sportello Visti dal luned\u00ec al venerd\u00ec dalle ore 09.00 alle ore 12.00, previo appuntamento gratuito da fissare telefonicamente chiamando al centralino (<strong>+291 1 121528<\/strong>) dalle 08.00 alle 17.00 nei giorni feriali.<\/p>\n<p><strong>COSTO DEL VISTO<\/strong> &#8211; Si informa l\u2019utenza che il costo per la trattazione delle richieste di visto \u00e8 di <strong>90 euro<\/strong>, da versare esclusivamente in valuta locale Nakfa al tasso di cambio stabilito trimestralmente dalla Banca d&#8217;Italia; il pagamento \u00e8 dovuto al momento della presentazione della domanda alla Sezione Visti; il pagamento \u00e8 dovuto indipendentemente dall&#8217;esito della domanda, pertanto, in caso di rigetto dell\u2019istanza, l\u2019importo non sar\u00e0 rimborsato.<\/p>\n<p>Si rammenta che i richiedenti devono adempiere a tutti gli obblighi previsti dalla legge; la raccolta dei documenti richiesti \u00e8 interamente a carico dei richiedenti; i relativi documenti non possono essere inviati all&#8217;Ambasciata attraverso alcun canale di comunicazione; l&#8217;Ambasciata prender\u00e0 in considerazione <strong>solo i documenti presentati personalmente dai richiedenti<\/strong>.<\/p>\n<p>A seguito di richiesta di consultazioni preliminari da parte dei Paesi Schengen previste dall&#8217;art. 22 del Codice Visti europeo (Regolamento del Parlamento Europeo e del Consiglio n. 810\/2009), tutte le richieste di visto di cittadini eritrei saranno oggetto di <strong>procedura di nulla osta Schengen per la durata di 7 giorni di calendario<\/strong> a cui va aggiunto il tempo necessario per la lavorazione della pratica. <strong>Si prega pertanto l&#8217;utenza di tenere in considerazione tale periodo di tempo per l&#8217;appuntamento in Ambasciata e per la predisposizione della domanda.<\/strong><\/p>\n<p>Tutte le informazioni per richiedere il visto per i Paesi UE rappresentati sono disponibili presso l\u2019Ufficio consolare, unitamente al <a href=\"https:\/\/ambasmara.esteri.it\/wp-content\/uploads\/2023\/10\/Formulario-application-form.pdf\"><strong><span style=\"text-decoration: underline;\">formulario<\/span> <\/strong><\/a>da compilare a cura del richiedente.<\/p>\n<p>Per informazioni su procedura e documentazione per le tipologie di visto Schengen pi\u00f9 richieste presso questa Ambasciata, consultare i seguenti fogli informativi<\/p>\n<p><a href=\"https:\/\/ambasmara.esteri.it\/wp-content\/uploads\/2024\/12\/TURISMO-REV.docx\"><span style=\"text-decoration: underline;\">Turismo<\/span><\/a><\/p>\n<p><a href=\"https:\/\/ambasmara.esteri.it\/wp-content\/uploads\/2024\/12\/CURE-MEDICHE-REV.docx\"><span style=\"text-decoration: underline;\">Cure mediche<\/span><\/a><\/p>\n<p><a href=\"https:\/\/ambasmara.esteri.it\/wp-content\/uploads\/2024\/12\/AFFARI-REV.docx\"><span style=\"text-decoration: underline;\">Affari<\/span><\/a><\/p>\n<p>Il <strong>formulario di invito<\/strong> per l\u2019Italia (da compilare a cura dell\u2019invitante) \u00e8 scaricabile <a href=\"https:\/\/ambasmara.esteri.it\/wp-content\/uploads\/2023\/10\/FORMULARIO-INVITO.pdf\"><span style=\"text-decoration: underline;\">qui<\/span><\/a>.<\/p>\n<p><strong>AVVISO &#8211; AGOSTO 2023<\/strong><\/p>\n<p>Il Regolamento (UE) 2019\/1157, recante disposizioni sul rafforzamento della sicurezza delle carte d&#8217;identit\u00e0 e dei titoli di soggiorno rilasciati ai cittadini dell&#8217;Unione e ai loro familiari, ha stabilito, all&#8217;articolo 8, la cessazione a partire dal <strong>3 agosto 2023<\/strong> della validit\u00e0 delle carte di soggiorno di familiari di cittadini EU che non rispettano i nuovi requisiti.<\/p>\n<p>Tra i documenti che non saranno pi\u00f9 validi a partire da tale data rientra la <strong>Carta di Soggiorno per familiare di cittadino UE in formato cartaceo<\/strong>. I <strong>titolari delle predette carte che non abbiano convertito il proprio documento dovranno pertanto munirsi di visto ai fini dell&#8217;attraversamento delle frontiere<\/strong>, se previsto dalla loro nazionalit\u00e0. Il visto che dovr\u00e0 essere richiesto sar\u00e0 della tipologia D \u201cVisto per motivi familiari congiunti UE\u201d che permette ai cittadini stranieri di fare ingresso in Italia e regolarizzare la propria posizione.<\/p>\n<p>Resta salva la possibilit\u00e0 per i cittadini stranieri che abbiano fatto richiesta di aggiornamento del proprio titolo e la cui istanza non sia ancora perfezionata, di fare reingresso sul territorio nazionale tramite volo diretto esibendo la ricevuta di rinnovo del loro documento di soggiorno.<\/p>\n","protected":false},"excerpt":{"rendered":"L&#8217;Ambasciata d&#8217;Italia ad Asmara \u00e8 l&#8217;unica Rappresentanza UE a rilasciare Visti Schengen in Eritrea. L&#8217;Ambasciata rilascia per l&#8217;Italia tutti i tipi di visti Schengen e nazionali. In base ad accordi di rappresentanza, l&#8217;Ambasciata rilascia altres visti Schengen di breve durata (fino a 90 giorni), tipologia &#8220;C&#8221;, per i seguenti Paesi: Germania, Svezia, Malta, Francia, Paesi [&hellip;]","protected":false},"author":1,"featured_media":0,"parent":48,"menu_order":0,"comment_status":"closed","ping_status":"closed","template":"","meta":{"footnotes":""},"class_list":["post-89","page","type-page","status-publish","hentry"],"_links":{"self":[{"href":"https:\/\/ambasmara.esteri.it\/it\/wp-json\/wp\/v2\/pages\/89","targetHints":{"allow":["GET"]}}],"collection":[{"href":"https:\/\/ambasmara.esteri.it\/it\/wp-json\/wp\/v2\/pages"}],"about":[{"href":"https:\/\/ambasmara.esteri.it\/it\/wp-json\/wp\/v2\/types\/page"}],"author":[{"embeddable":true,"href":"https:\/\/ambasmara.esteri.it\/it\/wp-json\/wp\/v2\/users\/1"}],"replies":[{"embeddable":true,"href":"https:\/\/ambasmara.esteri.it\/it\/wp-json\/wp\/v2\/comments?post=89"}],"version-history":[{"count":6,"href":"https:\/\/ambasmara.esteri.it\/it\/wp-json\/wp\/v2\/pages\/89\/revisions"}],"predecessor-version":[{"id":1100,"href":"https:\/\/ambasmara.esteri.it\/it\/wp-json\/wp\/v2\/pages\/89\/revisions\/1100"}],"up":[{"embeddable":true,"href":"https:\/\/ambasmara.esteri.it\/it\/wp-json\/wp\/v2\/pages\/48"}],"wp:attachment":[{"href":"https:\/\/ambasmara.esteri.it\/it\/wp-json\/wp\/v2\/media?parent=89"}],"curies":[{"name":"wp","href":"https:\/\/api.w.org\/{rel}","templated":true}]}}